{"id":95,"date":"2020-03-03T07:21:51","date_gmt":"2020-03-03T12:21:51","guid":{"rendered":"https:\/\/nimororink.com\/about\/"},"modified":"2024-01-24T01:25:14","modified_gmt":"2024-01-24T06:25:14","slug":"about","status":"publish","type":"page","link":"https:\/\/nimoroink.com\/es\/about\/","title":{"rendered":"Nosotros"},"content":{"rendered":"<div data-elementor-type=\"wp-page\" data-elementor-id=\"95\" class=\"elementor elementor-95\">\n\t\t\t\t\t\t<section class=\"elementor-section elementor-top-section elementor-element elementor-element-462e974 elementor-reverse-tablet elementor-reverse-mobile elementor-section-boxed elementor-section-height-default elementor-section-height-default\" data-id=\"462e974\" data-element_type=\"section\" data-e-type=\"section\">\n\t\t\t\t\t\t<div class=\"elementor-container elementor-column-gap-default\">\n\t\t\t\t\t<div class=\"aux-parallax-section elementor-column elementor-col-50 elementor-top-column elementor-element elementor-element-7aab943\" data-id=\"7aab943\" data-element_type=\"column\" data-e-type=\"column\">\n\t\t\t<div class=\"elementor-widget-wrap elementor-element-populated\">\n\t\t\t\t\t\t<div class=\"elementor-element elementor-element-ed02dcb aux-appear-watch-animation aux-fade-in-up elementor-widget elementor-widget-aux_modern_heading\" data-id=\"ed02dcb\" data-element_type=\"widget\" data-e-type=\"widget\" data-widget_type=\"aux_modern_heading.default\">\n\t\t\t\t<div class=\"elementor-widget-container\">\n\t\t\t\t\t<section class=\"aux-widget-modern-heading\">\n            <div class=\"aux-widget-inner\"><h2 class=\"aux-modern-heading-primary\">\u00bfQui\u00e9nes Somos?<\/h2><div class=\"aux-modern-heading-description\"><p>\u00a1Experimenta la Micropigmentaci\u00f3n Param\u00e9dica con resultados naturales!<\/p><p>En Nimoro Ink, nuestros profesionales param\u00e9dicos de micropigmentaci\u00f3n han cubierto un amplio espectro de t\u00e9cnicas utilizadas en todo el continente. Hemos conseguido fusionar lo mejor de todas estas t\u00e9cnicas para darte resultados satisfactorios y completamente naturales en tu piel.<\/p><p>Nuestra experiencia y conocimiento en el campo de la micropigmentaci\u00f3n nos permite abordar una variedad de necesidades, desde el camuflaje de cicatrices hasta la correcci\u00f3n de imperfecciones. Estamos orgullosos de ofrecer tratamientos que le devuelven la confianza a su piel y realzan su belleza de forma natural.<\/p><\/div><\/div>\n        <\/section>\t\t\t\t<\/div>\n\t\t\t\t<\/div>\n\t\t\t\t<div class=\"elementor-element elementor-element-b7330ce aux-appear-watch-animation aux-fade-in-up elementor-widget elementor-widget-aux_modern_heading\" data-id=\"b7330ce\" data-element_type=\"widget\" data-e-type=\"widget\" data-widget_type=\"aux_modern_heading.default\">\n\t\t\t\t<div class=\"elementor-widget-container\">\n\t\t\t\t\t<section class=\"aux-widget-modern-heading\">\n            <div class=\"aux-widget-inner\"><h2 class=\"aux-modern-heading-primary\">Adem\u00e1s, en Nimoro Ink nos preocupamos por tu bienestar y comodidad, por lo que nuestras instalaciones son espacios seguros donde sentir\u00e1s bienestar. Su comodidad es esencial para nosotros y nos esforzamos para garantizar que su experiencia sea placentera en cada visita.<\/h2><div class=\"aux-modern-heading-description\"><p class=\"p1\">Transforma tu piel y restaura su belleza con resultados que lucir\u00e1n naturales.<\/p><\/div><\/div>\n        <\/section>\t\t\t\t<\/div>\n\t\t\t\t<\/div>\n\t\t\t\t<div class=\"elementor-element elementor-element-f089ef1 elementor-hidden-tablet elementor-hidden-phone aux-appear-watch-animation aux-fade-in-left-1 elementor-widget elementor-widget-aux_simple_svg\" data-id=\"f089ef1\" data-element_type=\"widget\" data-e-type=\"widget\" data-widget_type=\"aux_simple_svg.default\">\n\t\t\t\t<div class=\"elementor-widget-container\">\n\t\t\t\t\t    <div class=\"aux-widget-container aux-simple-svg-container\">\n        <div class=\"aux-widget-container-inner\">\n            <div class=\"aux-the-svg\"> <svg width=\"596\" height=\"786\">\n  <rect x=\"0\" y=\"0\" rx=\"0\" ry=\"0\" width=\"596\" height=\"786\" style=\"fill:#f6f6f6;opacity:1\" \/>\n<\/svg> <\/div>\n        <\/div>\n    <\/div>\n    \t\t\t\t<\/div>\n\t\t\t\t<\/div>\n\t\t\t\t\t<\/div>\n\t\t<\/div>\n\t\t\t\t<div class=\"aux-parallax-section elementor-column elementor-col-50 elementor-top-column elementor-element elementor-element-dd44cd4\" data-id=\"dd44cd4\" data-element_type=\"column\" data-e-type=\"column\">\n\t\t\t<div class=\"elementor-widget-wrap elementor-element-populated\">\n\t\t\t\t\t\t<div class=\"elementor-element elementor-element-b9054c0 aux-appear-watch-animation aux-mask-from-left elementor-widget elementor-widget-aux_image\" data-id=\"b9054c0\" data-element_type=\"widget\" data-e-type=\"widget\" data-widget_type=\"aux_image.default\">\n\t\t\t\t<div class=\"elementor-widget-container\">\n\t\t\t\t\t<section class=\"widget-container aux-widget-image aux-alignnone aux-parent-aud181a136\">\n    <div class=\"aux-media-hint-frame\">\n        <div class=\"aux-media-image\" >\n        \n            \n\n            \n            <img fetchpriority=\"high\" decoding=\"async\" width=\"1024\" height=\"761\" src=\"https:\/\/nimoroink.com\/wp-content\/uploads\/2024\/01\/Home2-02-40x40.jpg\" class=\"aux-attachment aux-featured-image aux-attachment-id-507 aux-preload aux-has-preview\" alt=\"Home2-02\" data-ratio=\"1\" data-original-w=\"1047\" sizes=\"auto\" data-srcset=\"https:\/\/nimoroink.com\/wp-content\/uploads\/2024\/01\/Home2-02-150x150.jpg 150w,https:\/\/nimoroink.com\/wp-content\/uploads\/2024\/01\/Home2-02-300x300.jpg 300w,https:\/\/nimoroink.com\/wp-content\/uploads\/2024\/01\/Home2-02-768x761.jpg 768w,https:\/\/nimoroink.com\/wp-content\/uploads\/2024\/01\/Home2-02-1024x761.jpg 1024w,https:\/\/nimoroink.com\/wp-content\/uploads\/2024\/01\/Home2-02-1024x761.jpg 1024w\" data-src=\"https:\/\/nimoroink.com\/wp-content\/uploads\/2024\/01\/Home2-02-1024x761.jpg\" \/>            \n                <\/div>\n    <\/div>\n\n<\/section><!-- widget-container -->\t\t\t\t<\/div>\n\t\t\t\t<\/div>\n\t\t\t\t\t<\/div>\n\t\t<\/div>\n\t\t\t\t\t<\/div>\n\t\t<\/section>\n\t\t\t\t<\/div>","protected":false},"excerpt":{"rendered":"<p>About us? Experience Paramedic Micropigmentation with natural results! At Nimoro Ink, our paramedic micropigmentation professionals have covered a wide spectrum of techniques used throughout the continent. We have managed to fuse the best of all these techniques to give you satisfactory and completely natural results on your skin. Our experience and knowledge in the field [&hellip;]<\/p>\n","protected":false},"author":1,"featured_media":0,"parent":0,"menu_order":0,"comment_status":"closed","ping_status":"closed","template":"templates\/page-builder-content.php","meta":{"_joinchat":[],"footnotes":""},"class_list":["post-95","page","type-page","status-publish","hentry"],"_links":{"self":[{"href":"https:\/\/nimoroink.com\/es\/wp-json\/wp\/v2\/pages\/95","targetHints":{"allow":["GET"]}}],"collection":[{"href":"https:\/\/nimoroink.com\/es\/wp-json\/wp\/v2\/pages"}],"about":[{"href":"https:\/\/nimoroink.com\/es\/wp-json\/wp\/v2\/types\/page"}],"author":[{"embeddable":true,"href":"https:\/\/nimoroink.com\/es\/wp-json\/wp\/v2\/users\/1"}],"replies":[{"embeddable":true,"href":"https:\/\/nimoroink.com\/es\/wp-json\/wp\/v2\/comments?post=95"}],"version-history":[{"count":15,"href":"https:\/\/nimoroink.com\/es\/wp-json\/wp\/v2\/pages\/95\/revisions"}],"predecessor-version":[{"id":595,"href":"https:\/\/nimoroink.com\/es\/wp-json\/wp\/v2\/pages\/95\/revisions\/595"}],"wp:attachment":[{"href":"https:\/\/nimoroink.com\/es\/wp-json\/wp\/v2\/media?parent=95"}],"curies":[{"name":"wp","href":"https:\/\/api.w.org\/{rel}","templated":true}]}}