{"id":163,"date":"2023-11-24T22:17:31","date_gmt":"2023-11-25T03:17:31","guid":{"rendered":"https:\/\/nimororink.com\/?post_type=product&#038;p=163"},"modified":"2024-01-24T00:37:53","modified_gmt":"2024-01-24T05:37:53","slug":"remocion-de-cejas","status":"publish","type":"product","link":"https:\/\/nimoroink.com\/es\/producto\/remocion-de-cejas\/","title":{"rendered":"Eliminaci\u00f3n de cejas"},"content":{"rendered":"<p>La micropigmentaci\u00f3n y el microblading son dos t\u00e9cnicas de tatuaje semipermanente que pueden realzar y embellecer diferentes partes del cuerpo, como cejas, ojos, labios, zona del cabello y areolas mamarias. Sin embargo, en ocasiones los resultados no cumplen con las expectativas debido a errores t\u00e9cnicos o a la falta de experiencia de quienes realizan estos procedimientos.<\/p>\n<p>Metodolog\u00eda:<\/p>\n<p>Nuestro proceso de eliminaci\u00f3n de cejas implica la aplicaci\u00f3n de productos especializados en la zona a tratar, permitiendo la eliminaci\u00f3n selectiva del pigmento no deseado sin da\u00f1ar la piel circundante. Los resultados se notan desde la PRIMERA SESI\u00d3N, devolviendo confianza y belleza a nuestras pacientes.<\/p>\n<p>Pero eso no es todo. Nuestra f\u00f3rmula avanzada no solo elimina pigmentos no deseados, sino que tambi\u00e9n oxigena el fol\u00edculo, acelerando el proceso de crecimiento del cabello en \u00e1reas donde, debido a procedimientos anteriores, el cabello no volvi\u00f3 a crecer.<\/p>\n<p>En Nimoro Ink, no solo te ayudamos a borrar errores del pasado, sino que tambi\u00e9n te ayudamos a escribir un nuevo cap\u00edtulo en tu historia de belleza. Reserva tu evaluaci\u00f3n ahora.<\/p>","protected":false},"excerpt":{"rendered":"<p>En Nimoro Ink, hemos perfeccionado una nueva y maravillosa t\u00e9cnica de eliminaci\u00f3n de cejas que corrige o elimina por completo \u00e1reas espec\u00edficas de micropigmentaci\u00f3n decolorada, mal ejecutada o simplemente repara resultados insatisfactorios.<\/p>\n<p>&nbsp;<\/p>\n<p>*Book your valuation with $150 USD; This value will be paid to the treatment.<\/p>","protected":false},"featured_media":551,"comment_status":"open","ping_status":"closed","template":"","meta":{"_joinchat":[]},"product_brand":[],"product_cat":[30],"product_tag":[],"class_list":{"0":"post-163","1":"product","2":"type-product","3":"status-publish","4":"has-post-thumbnail","6":"product_cat-cejas","8":"first","9":"instock","10":"shipping-taxable","11":"purchasable","12":"product-type-simple"},"_links":{"self":[{"href":"https:\/\/nimoroink.com\/es\/wp-json\/wp\/v2\/product\/163","targetHints":{"allow":["GET"]}}],"collection":[{"href":"https:\/\/nimoroink.com\/es\/wp-json\/wp\/v2\/product"}],"about":[{"href":"https:\/\/nimoroink.com\/es\/wp-json\/wp\/v2\/types\/product"}],"replies":[{"embeddable":true,"href":"https:\/\/nimoroink.com\/es\/wp-json\/wp\/v2\/comments?post=163"}],"wp:featuredmedia":[{"embeddable":true,"href":"https:\/\/nimoroink.com\/es\/wp-json\/wp\/v2\/media\/551"}],"wp:attachment":[{"href":"https:\/\/nimoroink.com\/es\/wp-json\/wp\/v2\/media?parent=163"}],"wp:term":[{"taxonomy":"product_brand","embeddable":true,"href":"https:\/\/nimoroink.com\/es\/wp-json\/wp\/v2\/product_brand?post=163"},{"taxonomy":"product_cat","embeddable":true,"href":"https:\/\/nimoroink.com\/es\/wp-json\/wp\/v2\/product_cat?post=163"},{"taxonomy":"product_tag","embeddable":true,"href":"https:\/\/nimoroink.com\/es\/wp-json\/wp\/v2\/product_tag?post=163"}],"curies":[{"name":"wp","href":"https:\/\/api.w.org\/{rel}","templated":true}]}}