{"id":164,"date":"2023-11-24T22:22:19","date_gmt":"2023-11-25T03:22:19","guid":{"rendered":"https:\/\/nimororink.com\/?post_type=product&#038;p=164"},"modified":"2024-01-24T00:30:21","modified_gmt":"2024-01-24T05:30:21","slug":"tratamiento-unico-y-exclusivo-para-el-crecimiento-de-cejas-nano-repair-growth-factor","status":"publish","type":"product","link":"https:\/\/nimoroink.com\/es\/producto\/tratamiento-unico-y-exclusivo-para-el-crecimiento-de-cejas-nano-repair-growth-factor\/","title":{"rendered":"Tratamiento \u00fanico y exclusivo para el crecimiento de las cejas | Factor de crecimiento nano reparador"},"content":{"rendered":"<p>Metodolog\u00eda:<\/p>\n<p>El proceso comienza en nuestras caba\u00f1as, de la mano experta de profesionales altamente capacitados en la materia.<\/p>\n<p>Cada sesi\u00f3n se programa con un intervalo de 30 d\u00edas, adapt\u00e1ndose a las necesidades de cada cliente. Adem\u00e1s, nuestro protocolo incluye un tratamiento a domicilio (home care) que potencia y prolonga los resultados.<\/p>\n<p>Nuestra l\u00ednea de productos para el cuidado del hogar incluye:<\/p>\n<p>STYLE BROW: Una cera excepcional para dar forma a tus cejas, realzando su belleza natural y aportando volumen a tu mirada. El \u00e9xito de este producto radica en su enriquecimiento con P\u00c9PTIDOS BIOID\u00c9NTICOS, que aumentan la producci\u00f3n de prote\u00ednas de anclaje y estimulan las c\u00e9lulas madre foliculares. Este producto complementa perfectamente el tratamiento en cabina.<\/p>\n<p>NANO REPAIR: A follicular restorative serum that not only accelerates hair growth, but also increases hair thickness, reversing follicular atrophy. This serum is an essential part of our protocol to achieve exceptional and natural eyebrows.<\/p>\n<p>Este completo tratamiento es sencillamente maravilloso y garantiza un gran resultado a la hora de reconstruir tus cejas de forma natural.<\/p>\n<p>\u00bfQuieres saber m\u00e1s sobre este revolucionario tratamiento tra\u00eddo directamente desde Brasil? Cont\u00e1ctanos en Nimoro Ink, estamos dispuestos a brindarte toda la informaci\u00f3n que necesitas.<\/p>","protected":false},"excerpt":{"rendered":"<p>Te presentamos un protocolo excepcional, enriquecido con factores de crecimiento que estimulan la circulaci\u00f3n sangu\u00ednea en la zona aplicada. Este procedimiento promueve la PROLIFERACI\u00d3N CELULAR, fortalece los fol\u00edculos existentes y estimula el crecimiento de cabello nuevo, brind\u00e1ndote unas cejas espectaculares y naturales.<\/p>\n<p>&nbsp;<\/p>\n<p>Schedule your assessment here. *The value of the treatment will be according to your needs.<\/p>","protected":false},"featured_media":184,"comment_status":"open","ping_status":"closed","template":"","meta":{"_joinchat":[]},"product_brand":[],"product_cat":[30],"product_tag":[],"class_list":{"0":"post-164","1":"product","2":"type-product","3":"status-publish","4":"has-post-thumbnail","6":"product_cat-cejas","8":"first","9":"instock","10":"shipping-taxable","11":"purchasable","12":"product-type-simple"},"_links":{"self":[{"href":"https:\/\/nimoroink.com\/es\/wp-json\/wp\/v2\/product\/164","targetHints":{"allow":["GET"]}}],"collection":[{"href":"https:\/\/nimoroink.com\/es\/wp-json\/wp\/v2\/product"}],"about":[{"href":"https:\/\/nimoroink.com\/es\/wp-json\/wp\/v2\/types\/product"}],"replies":[{"embeddable":true,"href":"https:\/\/nimoroink.com\/es\/wp-json\/wp\/v2\/comments?post=164"}],"wp:featuredmedia":[{"embeddable":true,"href":"https:\/\/nimoroink.com\/es\/wp-json\/wp\/v2\/media\/184"}],"wp:attachment":[{"href":"https:\/\/nimoroink.com\/es\/wp-json\/wp\/v2\/media?parent=164"}],"wp:term":[{"taxonomy":"product_brand","embeddable":true,"href":"https:\/\/nimoroink.com\/es\/wp-json\/wp\/v2\/product_brand?post=164"},{"taxonomy":"product_cat","embeddable":true,"href":"https:\/\/nimoroink.com\/es\/wp-json\/wp\/v2\/product_cat?post=164"},{"taxonomy":"product_tag","embeddable":true,"href":"https:\/\/nimoroink.com\/es\/wp-json\/wp\/v2\/product_tag?post=164"}],"curies":[{"name":"wp","href":"https:\/\/api.w.org\/{rel}","templated":true}]}}