{"id":165,"date":"2023-11-24T22:26:51","date_gmt":"2023-11-25T03:26:51","guid":{"rendered":"https:\/\/nimororink.com\/?post_type=product&#038;p=165"},"modified":"2024-01-24T00:27:25","modified_gmt":"2024-01-24T05:27:25","slug":"camuflaje-de-cicatrices","status":"publish","type":"product","link":"https:\/\/nimoroink.com\/es\/producto\/camuflaje-de-cicatrices\/","title":{"rendered":"Camuflaje de cicatrices"},"content":{"rendered":"<p>Metodolog\u00eda:<\/p>\n<p>En nuestro procedimiento de micropigmentaci\u00f3n para cicatrices utilizamos m\u00faltiples t\u00e9cnicas para suavizar la textura de las cicatrices y camuflarlas de manera efectiva, utilizando maquillaje permanente.<\/p>\n<p>Nuestra f\u00f3rmula exclusiva y avanzada, de uno de los principales laboratorios de Brasil, est\u00e1 enriquecida con nanop\u00e9ptidos epid\u00e9rmicos y \u00e1cido hialur\u00f3nico. Este tratamiento, realizado en cabina, favorece la firmeza, elasticidad, hidrataci\u00f3n profunda y un efecto rellenador de la piel. La potente vitamina C revitaliza la piel y reduce significativamente las marcas, devolvi\u00e9ndole su color y textura original a la vez que estimula la producci\u00f3n de col\u00e1geno y elastina.<\/p>\n<p>Nuestro enfoque se basa en camuflar las cicatrices con pigmentos especializados, consiguiendo un tono de piel uniforme y natural. Si est\u00e1s buscando el mejor tratamiento de camuflaje de cicatrices, \u00a1est\u00e1s en el lugar indicado! Cont\u00e1ctanos para descubrir c\u00f3mo podemos ayudarte a tener una piel radiante y libre de imperfecciones.<\/p>","protected":false},"excerpt":{"rendered":"<p>La micropigmentaci\u00f3n de cicatrices o camuflaje de la piel es una t\u00e9cnica de maquillaje semipermanente que puede transformar la apariencia de las cicatrices.<\/p>\n<p>&nbsp;<\/p>\n<p>*Book your valuation with $150 USD; This value will be paid to the treatment.<\/p>\n<p>&nbsp;<\/p>\n<p>&nbsp;<\/p>","protected":false},"featured_media":175,"comment_status":"open","ping_status":"closed","template":"","meta":{"_joinchat":[]},"product_brand":[],"product_cat":[31],"product_tag":[],"class_list":{"0":"post-165","1":"product","2":"type-product","3":"status-publish","4":"has-post-thumbnail","6":"product_cat-tratamientos-corporales","8":"first","9":"instock","10":"shipping-taxable","11":"purchasable","12":"product-type-simple"},"_links":{"self":[{"href":"https:\/\/nimoroink.com\/es\/wp-json\/wp\/v2\/product\/165","targetHints":{"allow":["GET"]}}],"collection":[{"href":"https:\/\/nimoroink.com\/es\/wp-json\/wp\/v2\/product"}],"about":[{"href":"https:\/\/nimoroink.com\/es\/wp-json\/wp\/v2\/types\/product"}],"replies":[{"embeddable":true,"href":"https:\/\/nimoroink.com\/es\/wp-json\/wp\/v2\/comments?post=165"}],"wp:featuredmedia":[{"embeddable":true,"href":"https:\/\/nimoroink.com\/es\/wp-json\/wp\/v2\/media\/175"}],"wp:attachment":[{"href":"https:\/\/nimoroink.com\/es\/wp-json\/wp\/v2\/media?parent=165"}],"wp:term":[{"taxonomy":"product_brand","embeddable":true,"href":"https:\/\/nimoroink.com\/es\/wp-json\/wp\/v2\/product_brand?post=165"},{"taxonomy":"product_cat","embeddable":true,"href":"https:\/\/nimoroink.com\/es\/wp-json\/wp\/v2\/product_cat?post=165"},{"taxonomy":"product_tag","embeddable":true,"href":"https:\/\/nimoroink.com\/es\/wp-json\/wp\/v2\/product_tag?post=165"}],"curies":[{"name":"wp","href":"https:\/\/api.w.org\/{rel}","templated":true}]}}