{"id":166,"date":"2023-11-24T22:29:09","date_gmt":"2023-11-25T03:29:09","guid":{"rendered":"https:\/\/nimororink.com\/?post_type=product&#038;p=166"},"modified":"2024-01-24T00:25:28","modified_gmt":"2024-01-24T05:25:28","slug":"camuflaje-de-estrias","status":"publish","type":"product","link":"https:\/\/nimoroink.com\/es\/producto\/camuflaje-de-estrias\/","title":{"rendered":"Camuflaje de estr\u00edas"},"content":{"rendered":"<p>En Nimoro Ink contamos con una maravillosa f\u00f3rmula proveniente de laboratorios de Brasil, l\u00edderes en belleza y tendencias. Nuestra f\u00f3rmula \u00fanica est\u00e1 dise\u00f1ada para la recuperaci\u00f3n de tejidos, estimulando la producci\u00f3n de col\u00e1geno y mejorando la piel afectada.<\/p>\n<p>Metodolog\u00eda:<\/p>\n<p>Nuestro enfoque se centra en la t\u00e9cnica de camuflaje de estr\u00edas, mediante la cual desarrollamos un pigmento que se adapta a tu tono de piel. Este pigmento se aplica con precisi\u00f3n mediante una t\u00e9cnica de dermopigmentaci\u00f3n sobre las estr\u00edas, haciendo que estas adquieran un tono muy similar al de tu piel natural. El resultado es una mejora significativa en la coloraci\u00f3n y visibilidad de las estr\u00edas, dejando tu piel con un aspecto m\u00e1s uniforme y natural.<\/p>\n<p>Los beneficios de nuestro tratamiento se hacen evidentes tras tan solo dos sesiones, con una notable disminuci\u00f3n del di\u00e1metro y profundidad de las estr\u00edas. \u00a1Recupera la confianza en tu piel y muestra resultados incre\u00edblemente naturales con nosotros! Cont\u00e1ctenos para obtener m\u00e1s informaci\u00f3n sobre c\u00f3mo podemos ayudarlo a rejuvenecer su piel y eliminar las estr\u00edas de manera efectiva.<\/p>","protected":false},"excerpt":{"rendered":"<p>Las estr\u00edas pueden aparecer como consecuencia de la rotura de las fibras de col\u00e1geno y elastina, que son las responsables de mantener la firmeza, el soporte y la elasticidad de la piel.<\/p>\n<p>&nbsp;<\/p>\n<p>*Book your valuation with $150 USD; This value will be paid to the treatment.<\/p>","protected":false},"featured_media":173,"comment_status":"open","ping_status":"closed","template":"","meta":{"_joinchat":[]},"product_brand":[],"product_cat":[31],"product_tag":[],"class_list":{"0":"post-166","1":"product","2":"type-product","3":"status-publish","4":"has-post-thumbnail","6":"product_cat-tratamientos-corporales","8":"first","9":"instock","10":"shipping-taxable","11":"purchasable","12":"product-type-simple"},"_links":{"self":[{"href":"https:\/\/nimoroink.com\/es\/wp-json\/wp\/v2\/product\/166","targetHints":{"allow":["GET"]}}],"collection":[{"href":"https:\/\/nimoroink.com\/es\/wp-json\/wp\/v2\/product"}],"about":[{"href":"https:\/\/nimoroink.com\/es\/wp-json\/wp\/v2\/types\/product"}],"replies":[{"embeddable":true,"href":"https:\/\/nimoroink.com\/es\/wp-json\/wp\/v2\/comments?post=166"}],"wp:featuredmedia":[{"embeddable":true,"href":"https:\/\/nimoroink.com\/es\/wp-json\/wp\/v2\/media\/173"}],"wp:attachment":[{"href":"https:\/\/nimoroink.com\/es\/wp-json\/wp\/v2\/media?parent=166"}],"wp:term":[{"taxonomy":"product_brand","embeddable":true,"href":"https:\/\/nimoroink.com\/es\/wp-json\/wp\/v2\/product_brand?post=166"},{"taxonomy":"product_cat","embeddable":true,"href":"https:\/\/nimoroink.com\/es\/wp-json\/wp\/v2\/product_cat?post=166"},{"taxonomy":"product_tag","embeddable":true,"href":"https:\/\/nimoroink.com\/es\/wp-json\/wp\/v2\/product_tag?post=166"}],"curies":[{"name":"wp","href":"https:\/\/api.w.org\/{rel}","templated":true}]}}