{"id":644,"date":"2025-08-02T10:59:32","date_gmt":"2025-08-02T14:59:32","guid":{"rendered":"https:\/\/nimoroink.com\/?post_type=product&#038;p=644"},"modified":"2025-08-02T11:02:16","modified_gmt":"2025-08-02T15:02:16","slug":"ink-brow-boots","status":"publish","type":"product","link":"https:\/\/nimoroink.com\/es\/producto\/ink-brow-boots\/","title":{"rendered":"Ink Brow Boots"},"content":{"rendered":"<p><span style=\"vertical-align: inherit;\"><span style=\"vertical-align: inherit;\">Un suero con tecnolog\u00eda regenerativa y activos bot\u00e1nicos que estimulan naturalmente el crecimiento del cabello, engrosan y definen tus cejas.<\/span><\/span><\/p>\n<ul>\n<li><span style=\"vertical-align: inherit;\"><span style=\"vertical-align: inherit;\">F\u00f3rmula bioest\u00e9tica elaborada con ingenier\u00eda cosm\u00e9tica de precisi\u00f3n.<\/span><\/span><\/li>\n<li><span style=\"vertical-align: inherit;\"><span style=\"vertical-align: inherit;\">Infusi\u00f3n fitoactiva que estimula el crecimiento y la expresi\u00f3n del cabello.<\/span><\/span><\/li>\n<li><span style=\"vertical-align: inherit;\"><span style=\"vertical-align: inherit;\">Extractos bot\u00e1nicos inteligentes que revitalizan desde la ra\u00edz.<\/span><\/span><\/li>\n<li><span style=\"vertical-align: inherit;\"><span style=\"vertical-align: inherit;\">P\u00e9ptidos de pr\u00f3xima generaci\u00f3n para redefinir el marco de tu mirada.<\/span><\/span><\/li>\n<\/ul>","protected":false},"excerpt":{"rendered":"<p><span style=\"vertical-align: inherit;\"><span style=\"vertical-align: inherit;\">Un suero con tecnolog\u00eda regenerativa y activos bot\u00e1nicos que estimulan naturalmente el crecimiento del cabello, engrosan y definen tus cejas.<\/span><\/span><\/p>","protected":false},"featured_media":645,"comment_status":"open","ping_status":"closed","template":"","meta":{"_joinchat":[]},"product_brand":[],"product_cat":[30],"product_tag":[59,60],"class_list":{"0":"post-644","1":"product","2":"type-product","3":"status-publish","4":"has-post-thumbnail","6":"product_cat-cejas","7":"product_tag-brows","8":"product_tag-growth","10":"first","11":"instock","12":"shipping-taxable","13":"purchasable","14":"product-type-simple"},"_links":{"self":[{"href":"https:\/\/nimoroink.com\/es\/wp-json\/wp\/v2\/product\/644","targetHints":{"allow":["GET"]}}],"collection":[{"href":"https:\/\/nimoroink.com\/es\/wp-json\/wp\/v2\/product"}],"about":[{"href":"https:\/\/nimoroink.com\/es\/wp-json\/wp\/v2\/types\/product"}],"replies":[{"embeddable":true,"href":"https:\/\/nimoroink.com\/es\/wp-json\/wp\/v2\/comments?post=644"}],"wp:featuredmedia":[{"embeddable":true,"href":"https:\/\/nimoroink.com\/es\/wp-json\/wp\/v2\/media\/645"}],"wp:attachment":[{"href":"https:\/\/nimoroink.com\/es\/wp-json\/wp\/v2\/media?parent=644"}],"wp:term":[{"taxonomy":"product_brand","embeddable":true,"href":"https:\/\/nimoroink.com\/es\/wp-json\/wp\/v2\/product_brand?post=644"},{"taxonomy":"product_cat","embeddable":true,"href":"https:\/\/nimoroink.com\/es\/wp-json\/wp\/v2\/product_cat?post=644"},{"taxonomy":"product_tag","embeddable":true,"href":"https:\/\/nimoroink.com\/es\/wp-json\/wp\/v2\/product_tag?post=644"}],"curies":[{"name":"wp","href":"https:\/\/api.w.org\/{rel}","templated":true}]}}